{"id":708,"date":"2024-02-04T10:34:12","date_gmt":"2024-02-04T10:34:12","guid":{"rendered":"https:\/\/www.uni-vet.sk\/index.php\/univet-levice\/"},"modified":"2024-02-04T10:34:13","modified_gmt":"2024-02-04T10:34:13","slug":"univet-levice","status":"publish","type":"page","link":"https:\/\/www.uni-vet.sk\/","title":{"rendered":"UNIVET LEVICE"},"content":{"rendered":"<div class=\"\" style=\"\" >\n  \n    <section class=\"u-clearfix u-section-1\" id=\"carousel_c669\">\n      <div class=\"u-clearfix u-sheet u-valign-middle-lg u-sheet-1\">\n        <div class=\"u-clearfix u-expanded-width u-gutter-0 u-layout-wrap u-layout-wrap-1\">\n          <div class=\"u-layout\">\n            <div class=\"u-layout-row\">\n              <div class=\"u-container-style u-layout-cell u-right-cell u-size-30 u-white u-layout-cell-1\">\n                <div class=\"u-container-layout u-valign-middle-lg u-valign-middle-md u-valign-middle-xl u-container-layout-1\">\n                  <h2 class=\"u-align-center u-text u-text-palette-3-base u-text-1\">Ambulancia<\/h2>\n                  <p class=\"u-align-center u-text u-text-2\">Od roku 2009 poskytujeme veterin\u00e1rnu starostlivos\u0165 pre mal\u00e9 zvierat\u00e1, t.j. ps\u00ed\u010dky, ma\u010di\u010dky, \u0161kre\u010dky, plazy, imobiliz\u00e1ciu , chov a veterin\u00e1rnu starostlivos\u0165 po\u013eovnej zveri.&nbsp;Chod prev\u00e1dzky zabezpe\u010duj\u00fa viacer\u00ed slu\u017ebukonaj\u00faci veterin\u00e1rni lek\u00e1ri, ktor\u00fdm usilovne pom\u00e1haj\u00fa veterin\u00e1rne zdravotn\u00e9 sestry.&nbsp;<br>Garantom praxe je MVDr. Michal&nbsp; Babinsk\u00fd\n                  <\/p>\n                <\/div>\n              <\/div>\n              <div class=\"u-align-center-sm u-align-center-xs u-container-style u-image u-layout-cell u-left-cell u-size-30 u-image-1\" data-image-width=\"150\" data-image-height=\"100\" style=\"background-image: url(&quot;https:\/\/www.uni-vet.sk\/wp-content\/uploads\/2024\/02\/2050514655-0-1.jpeg&quot;);\">\n                <div class=\"u-container-layout u-valign-top u-container-layout-2\"><\/div>\n              <\/div>\n            <\/div>\n          <\/div>\n        <\/div>\n      <\/div>\n    <\/section>\n    <section class=\"u-clearfix u-section-2\" id=\"sec-aafd\">\n      <div class=\"u-clearfix u-sheet u-valign-middle u-sheet-1\">\n        <div class=\"u-clearfix u-expanded-width u-gutter-0 u-layout-wrap u-layout-wrap-1\">\n          <div class=\"u-layout\" style=\"\">\n            <div class=\"u-layout-row\" style=\"\">\n              <div class=\"u-align-center u-container-style u-image u-layout-cell u-right-cell u-size-30 u-size-xs-60 u-image-1\" src=\"\" data-image-width=\"1280\" data-image-height=\"1135\" style=\"background-image: url(&quot;https:\/\/www.uni-vet.sk\/wp-content\/uploads\/2024\/02\/57e9d4414255a814f6da8c7dda793678153bdee757596c48732f72d3924ec559ba_1280-1.jpg&quot;);\">\n                <div class=\"u-container-layout u-valign-middle u-container-layout-1\" src=\"\"><\/div>\n              <\/div>\n              <div class=\"u-align-center u-container-style u-layout-cell u-left-cell u-size-30 u-size-xs-60 u-white u-layout-cell-2\" src=\"\">\n                <div class=\"u-container-layout u-valign-middle-lg u-valign-middle-md u-valign-middle-sm u-valign-middle-xs u-container-layout-2\">\n                  <h2 class=\"u-text u-text-1\">O n\u00e1s<\/h2>\n                  <p class=\"u-text u-text-2\">Na\u0161\u00edm cie\u013eom je pokytovanie kvalitnej veterin\u00e1rnej starostlivosti Va\u0161im mil\u00e1\u010dikom. Preferujeme individu\u00e1lny pr\u00edstup ku ka\u017ed\u00e9mu<br>z na\u0161ich klientov.<br>\n                  <\/p>\n                <\/div>\n              <\/div>\n            <\/div>\n          <\/div>\n        <\/div>\n      <\/div>\n    <\/section>\n    <section class=\"u-clearfix u-section-3\" id=\"carousel_0f69\">\n      <div class=\"u-clearfix u-sheet u-sheet-1\">\n        <div class=\"u-clearfix u-expanded-width u-gutter-0 u-layout-wrap u-layout-wrap-1\">\n          <div class=\"u-layout\" style=\"\">\n            <div class=\"u-layout-row\" style=\"\">\n              <div class=\"u-align-center u-container-style u-layout-cell u-left-cell u-size-30 u-size-xs-60 u-white u-layout-cell-1\" src=\"\">\n                <div class=\"u-container-layout u-valign-middle u-container-layout-1\">\n                  <h2 class=\"u-text u-text-custom-color-1 u-text-1\">Slu\u017eby<\/h2>\n                  <p class=\"u-text u-text-2\">Vakcin\u00e1cie, \u010dipovanie, petpass,&nbsp;<br>rtg-digitaliz\u00e1cia, usg, usg-kardio, ekg, inhala\u010dn\u00e1 anest\u00e9zia, bioch\u00e9mia,&nbsp;<br>z\u00e1kladn\u00e1 anal\u00fdza mo\u010du, stanovovanie progester\u00f3nu na pracovisku, oxygenoterapia, r\u00fdchlotestovanie&nbsp;na r\u00f4zne ochorenia psov&nbsp;<br>a ma\u010diek, \u0161irok\u00fd z\u00e1ber chirurgick\u00fdch, ortopedick\u00fdch , diagnostick\u00fdch z\u00e1krokov, hospitaliz\u00e1cia ...<br>\n                  <\/p>\n                <\/div>\n              <\/div>\n              <div class=\"u-align-center u-container-style u-image u-layout-cell u-right-cell u-size-30 u-size-xs-60 u-image-1\" src=\"\" data-image-width=\"150\" data-image-height=\"103\" style=\"background-image: url(&quot;https:\/\/www.uni-vet.sk\/wp-content\/uploads\/2024\/02\/2050514655-01-1.jpeg&quot;);\">\n                <div class=\"u-container-layout u-container-layout-2\" src=\"\"><\/div>\n              <\/div>\n            <\/div>\n          <\/div>\n        <\/div>\n      <\/div>\n    <\/section>\n    <section class=\"u-clearfix u-section-4\" id=\"carousel_7a42\">\n      <div class=\"u-clearfix u-sheet u-valign-middle u-sheet-1\">\n        <div class=\"u-clearfix u-expanded-width u-gutter-0 u-layout-wrap u-layout-wrap-1\">\n          <div class=\"u-layout\" style=\"\">\n            <div class=\"u-layout-row\" style=\"\">\n              <div class=\"u-align-center u-container-style u-image u-layout-cell u-right-cell u-size-30 u-size-xs-60 u-image-1\" src=\"\" style=\"background-image: url(&quot;https:\/\/www.uni-vet.sk\/wp-content\/uploads\/2024\/02\/vetfood-1.jpg&quot;);\">\n                <div class=\"u-container-layout u-valign-middle u-container-layout-1\" src=\"\"><\/div>\n              <\/div>\n              <div class=\"u-align-center u-container-style u-layout-cell u-left-cell u-size-30 u-size-xs-60 u-white u-layout-cell-2\" src=\"\">\n                <div class=\"u-container-layout u-valign-middle u-container-layout-2\">\n                  <h2 class=\"u-text u-text-palette-4-base u-text-1\">Pet shop<\/h2>\n                  <p class=\"u-text u-text-2\">V na\u0161om obchod\u00edku V\u00e1m pon\u00fakame \u0161irok\u00fd sortiment kvalitn\u00fdch krm\u00edv, doplnkov<br>&nbsp;a chovate\u013esk\u00fdch potrieb.<br>&nbsp;V pr\u00edpade potreby sme pripraven\u00ed V\u00e1m poradi\u0165 pri ich v\u00fdbere.\n                  <\/p>\n                <\/div>\n              <\/div>\n            <\/div>\n          <\/div>\n        <\/div>\n      <\/div>\n    <\/section>\n    <section class=\"u-align-center u-clearfix u-section-5\" id=\"sec-7b43\">\n      <div class=\"u-clearfix u-sheet u-sheet-1\">\n        <h2 class=\"u-align-center u-text u-text-1\">N\u00e1\u0161 team<\/h2>\n        <div class=\"u-expanded-width-md u-expanded-width-sm u-expanded-width-xs u-list u-list-1\">\n          <div class=\"u-align-center u-repeater u-repeater-1\">\n            <div class=\"u-align-center u-container-style u-list-item u-repeater-item u-list-item-1\">\n              <div class=\"u-container-layout u-similar-container u-valign-top-lg u-valign-top-md u-valign-top-sm u-valign-top-xs u-container-layout-1\">\n                <img decoding=\"async\" alt=\"\" class=\"u-expanded-width-xl u-image u-image-default u-image-1\" src=\"https:\/\/www.uni-vet.sk\/wp-content\/uploads\/2024\/02\/IMG_0026-1.jpg\">\n                <h5 class=\"u-align-center-lg u-align-center-md u-align-center-sm u-align-center-xs u-text u-text-2\">MVDr. Michal Babinsk\u00fd<\/h5>\n              <\/div>\n            <\/div>\n            <div class=\"u-align-center u-container-style u-list-item u-repeater-item u-list-item-2\">\n              <div class=\"u-container-layout u-similar-container u-valign-top-lg u-valign-top-md u-valign-top-sm u-valign-top-xs u-container-layout-2\">\n                <img decoding=\"async\" alt=\"\" class=\"u-expanded-width-xl u-image u-image-default u-image-2\" src=\"https:\/\/www.uni-vet.sk\/wp-content\/uploads\/2024\/02\/IMG_0034-1.jpg\">\n                <h5 class=\"u-align-center-lg u-align-center-md u-align-center-sm u-align-center-xs u-text u-text-3\">Dada<\/h5>\n              <\/div>\n            <\/div>\n            <div class=\"u-align-center-xl u-container-style u-list-item u-repeater-item u-list-item-3\">\n              <div class=\"u-container-layout u-similar-container u-valign-top-lg u-valign-top-md u-valign-top-sm u-valign-top-xs u-container-layout-3\">\n                <img decoding=\"async\" alt=\"\" class=\"u-expanded-width-xl u-image u-image-default u-image-3\" src=\"https:\/\/www.uni-vet.sk\/wp-content\/uploads\/2024\/02\/IMG_0059-1.jpg\" data-image-width=\"1280\" data-image-height=\"1600\">\n                <h5 class=\"u-align-center-lg u-align-center-md u-align-center-sm u-align-center-xs u-text u-text-4\">Mi\u0161ka<\/h5>\n              <\/div>\n            <\/div>\n          <\/div>\n        <\/div>\n      <\/div>\n    <\/section>\n    <section class=\"u-clearfix u-palette-3-light-1 u-section-6\" id=\"sec-6c3d\">\n      <div class=\"u-clearfix u-sheet u-sheet-1\">\n        <h3 class=\"u-align-center u-text u-text-1\">OTV\u00c1RACIE HODINY<\/h3>\n        <h2 class=\"u-align-center u-text u-text-2\">Mo\u017enos\u0165 objednania sa po dohovore s lek\u00e1rom bez pr\u00edplatku.<\/h2>\n      <\/div>\n    <\/section>\n    <section class=\"u-align-left u-clearfix u-palette-3-light-2 u-section-7\" id=\"sec-7fdf\">\n      <div class=\"u-clearfix u-sheet u-valign-middle u-sheet-1\">\n        <h2 class=\"u-align-center u-text u-text-1\">\n          <span style=\"font-weight: 700;\">Pondelok - Piatok<\/span>\n          <br>8:00 - 9:00 <span style=\"font-weight: 700;\" class=\"u-text-custom-color-2\">Odbery<\/span>\n          <br> 9:00 - 19:00<br>\n          <br>\n          <span style=\"font-weight: 700;\" class=\"u-text-custom-color-2\">Sobota<\/span>\n          <span class=\"u-text-custom-color-2\">\n            <br>09:00 - 19:00\n          <\/span>\n          <br>\n          <br>\n          <span style=\"font-weight: 700;\">Nede\u013ea, sviatky<\/span>\n          <br>15:00 - 19:00<br>\n          <br>po 19:00, pohotovos\u0165 po\u010das pracovn\u00fdch dn\u00ed do 22:00<br>na mobile 0905 920 099\n        <\/h2>\n      <\/div>\n    <\/section>\n    <section class=\"u-align-center u-clearfix u-section-8\" id=\"carousel_6d33\">\n      <div class=\"u-clearfix u-sheet u-sheet-1\">\n        <h2 class=\"u-align-center-xs u-text u-text-1\">Kontakt<\/h2>\n        <div class=\"u-border-7 u-border-palette-2-base u-line u-line-horizontal u-line-1\"><\/div>\n        <div class=\"u-clearfix u-expanded-width u-gutter-0 u-layout-wrap u-layout-wrap-1\">\n          <div class=\"u-gutter-0 u-layout\">\n            <div class=\"u-layout-row\">\n              <div class=\"u-size-30 u-size-60-md\">\n                <div class=\"u-layout-col\">\n                  <div class=\"u-size-30\">\n                    <div class=\"u-layout-row\">\n                      <div class=\"u-align-center u-container-style u-layout-cell u-left-cell u-palette-5-dark-3 u-size-30 u-layout-cell-1\">\n                        <div class=\"u-container-layout u-valign-middle u-container-layout-1\"><span class=\"u-border-3 u-border-grey-15 u-icon u-icon-circle u-text-grey-40 u-icon-1\"><svg class=\"u-svg-link\" preserveAspectRatio=\"xMidYMin slice\" viewBox=\"0 0 512 512\" style=\"\"><use xmlns:xlink=\"http:\/\/www.w3.org\/1999\/xlink\" xlink:href=\"#svg-e567\"><\/use><\/svg><svg class=\"u-svg-content\" viewBox=\"0 0 512 512\" x=\"0px\" y=\"0px\" id=\"svg-e567\" style=\"enable-background:new 0 0 512 512;\"><g><g><path d=\"M256,0C156.748,0,76,80.748,76,180c0,33.534,9.289,66.26,26.869,94.652l142.885,230.257    c2.737,4.411,7.559,7.091,12.745,7.091c0.04,0,0.079,0,0.119,0c5.231-0.041,10.063-2.804,12.75-7.292L410.611,272.22    C427.221,244.428,436,212.539,436,180C436,80.748,355.252,0,256,0z M384.866,256.818L258.272,468.186l-129.905-209.34    C113.734,235.214,105.8,207.95,105.8,180c0-82.71,67.49-150.2,150.2-150.2S406.1,97.29,406.1,180    C406.1,207.121,398.689,233.688,384.866,256.818z\"><\/path>\n<\/g>\n<\/g><g><g><path d=\"M256,90c-49.626,0-90,40.374-90,90c0,49.309,39.717,90,90,90c50.903,0,90-41.233,90-90C346,130.374,305.626,90,256,90z     M256,240.2c-33.257,0-60.2-27.033-60.2-60.2c0-33.084,27.116-60.2,60.2-60.2s60.1,27.116,60.1,60.2    C316.1,212.683,289.784,240.2,256,240.2z\"><\/path>\n<\/g>\n<\/g><\/svg><\/span>\n                          <h5 class=\"u-text u-text-grey-40 u-text-2\">AdresA:<\/h5>\n                          <p class=\"u-text u-text-3\">\u013d. \u0160t\u00fara 47<br>93401 LEVICE\n                          <\/p>\n                        <\/div>\n                      <\/div>\n                      <div class=\"u-container-style u-layout-cell u-palette-5-dark-3 u-size-30 u-layout-cell-2\">\n                        <div class=\"u-container-layout u-container-layout-2\"><span class=\"u-border-3 u-border-grey-50 u-icon u-icon-circle u-text-grey-40 u-icon-2\"><svg class=\"u-svg-link\" preserveAspectRatio=\"xMidYMin slice\" viewBox=\"0 0 479.058 479.058\" style=\"\"><use xmlns:xlink=\"http:\/\/www.w3.org\/1999\/xlink\" xlink:href=\"#svg-2cb0\"><\/use><\/svg><svg class=\"u-svg-content\" viewBox=\"0 0 479.058 479.058\" id=\"svg-2cb0\"><path d=\"m434.146 59.882h-389.234c-24.766 0-44.912 20.146-44.912 44.912v269.47c0 24.766 20.146 44.912 44.912 44.912h389.234c24.766 0 44.912-20.146 44.912-44.912v-269.47c0-24.766-20.146-44.912-44.912-44.912zm0 29.941c2.034 0 3.969.422 5.738 1.159l-200.355 173.649-200.356-173.649c1.769-.736 3.704-1.159 5.738-1.159zm0 299.411h-389.234c-8.26 0-14.971-6.71-14.971-14.971v-251.648l199.778 173.141c2.822 2.441 6.316 3.655 9.81 3.655s6.988-1.213 9.81-3.655l199.778-173.141v251.649c-.001 8.26-6.711 14.97-14.971 14.97z\"><\/path><\/svg><\/span>\n                          <h5 class=\"u-align-center u-text u-text-grey-40 u-text-4\">Email:<\/h5>\n                          <a href=\"mailto:ambulancialv@gmail.com\" class=\"u-border-active-none u-border-hover-none u-btn u-btn-rectangle u-button-style u-none u-text-body-alt-color u-text-hover-palette-2-base u-btn-1\">ambulancialv@gmail.com<\/a>\n                        <\/div>\n                      <\/div>\n                    <\/div>\n                  <\/div>\n                  <div class=\"u-size-30\">\n                    <div class=\"u-layout-row\">\n                      <div class=\"u-align-center u-container-style u-layout-cell u-left-cell u-palette-5-dark-3 u-size-30 u-layout-cell-3\">\n                        <div class=\"u-container-layout u-valign-middle u-container-layout-3\"><span class=\"u-border-3 u-border-grey-15 u-icon u-icon-circle u-text-grey-40 u-icon-3\"><svg class=\"u-svg-link\" preserveAspectRatio=\"xMidYMin slice\" viewBox=\"0 0 384 384\" style=\"\"><use xmlns:xlink=\"http:\/\/www.w3.org\/1999\/xlink\" xlink:href=\"#svg-f16a\"><\/use><\/svg><svg class=\"u-svg-content\" viewBox=\"0 0 384 384\" x=\"0px\" y=\"0px\" id=\"svg-f16a\" style=\"enable-background:new 0 0 384 384;\"><g><g><path d=\"M353.188,252.052c-23.51,0-46.594-3.677-68.469-10.906c-10.906-3.719-23.323-0.833-30.438,6.417l-43.177,32.594    c-50.073-26.729-80.917-57.563-107.281-107.26l31.635-42.052c8.219-8.208,11.167-20.198,7.635-31.448    c-7.26-21.99-10.948-45.063-10.948-68.583C132.146,13.823,118.323,0,101.333,0H30.812C13.823,0,0,13.823,0,30.812    C0,225.563,158.438,384,353.188,384c16.99,0,30.813-13.823,30.813-30.813v-70.323C384,265.875,370.177,252.052,353.188,252.052z     M362.667,353.188c0,5.229-4.25,9.479-9.479,9.479c-182.99,0-331.854-148.865-331.854-331.854c0-5.229,4.25-9.479,9.479-9.479    h70.521c5.229,0,9.479,4.25,9.479,9.479c0,25.802,4.052,51.125,11.979,75.115c1.104,3.542,0.208,7.208-3.375,10.938L82.75,165.427    c-2.458,3.26-2.844,7.625-1,11.26c29.927,58.823,66.292,95.188,125.531,125.542c3.604,1.885,8.021,1.49,11.292-0.979    l49.677-37.635c2.51-2.51,6.271-3.406,9.667-2.25c24.156,7.979,49.479,12.021,75.271,12.021c5.229,0,9.479,4.25,9.479,9.479    V353.188z\"><\/path>\n<\/g>\n<\/g><\/svg><\/span>\n                          <h5 class=\"u-text u-text-grey-40 u-text-5\">telef\u00f3n:<\/h5>\n                          <p class=\"u-text u-text-6\">Telef\u00f3n:&nbsp;036 6319278<br>Mobil \/ Pohotovos\u0165:<br>0905 920 099\n                          <\/p>\n                        <\/div>\n                      <\/div>\n                      <div class=\"u-align-center u-container-style u-layout-cell u-palette-5-dark-3 u-size-30 u-layout-cell-4\">\n                        <div class=\"u-container-layout u-container-layout-4\">\n                          <h5 class=\"u-text u-text-grey-40 u-text-7\">SLEDUJTE N\u00c1S<\/h5>\n                          <div class=\"u-social-icons u-spacing-10 u-social-icons-1\">\n                            <a class=\"u-social-url\" target=\"_blank\" href=\"https:\/\/facebook.com\/Uni-Vet-Levice-101916961880377\"><span class=\"u-icon u-icon-circle u-social-facebook u-social-icon u-icon-4\"><svg class=\"u-svg-link\" preserveAspectRatio=\"xMidYMin slice\" viewBox=\"0 0 112 112\" style=\"\"><use xmlns:xlink=\"http:\/\/www.w3.org\/1999\/xlink\" xlink:href=\"#svg-c0f4\"><\/use><\/svg><svg xmlns=\"http:\/\/www.w3.org\/2000\/svg\" xmlns:xlink=\"http:\/\/www.w3.org\/1999\/xlink\" version=\"1.1\" xml:space=\"preserve\" class=\"u-svg-content\" viewBox=\"0 0 112 112\" x=\"0px\" y=\"0px\" id=\"svg-c0f4\"><path d=\"M75.5,28.8H65.4c-1.5,0-4,0.9-4,4.3v9.4h13.9l-1.5,15.8H61.4v45.1H42.8V58.3h-8.8V42.4h8.8V32.2 c0-7.4,3.4-18.8,18.8-18.8h13.8v15.4H75.5z\"><\/path><\/svg><\/span>\n                            <\/a>\n                          <\/div>\n                        <\/div>\n                      <\/div>\n                    <\/div>\n                  <\/div>\n                <\/div>\n              <\/div>\n              <div class=\"u-size-30 u-size-60-md\">\n                <div class=\"u-layout-col\">\n                  <div class=\"u-container-style u-layout-cell u-right-cell u-size-60 u-layout-cell-5\">\n                    <div class=\"u-container-layout u-container-layout-5\">\n                      <div class=\"u-expanded u-grey-light-2 u-map u-map-1\">\n                        <div class=\"embed-responsive\">\n                          <iframe class=\"embed-responsive-item\" src=\"\/\/maps.google.com\/maps?output=embed&amp;q=%C4%BD.%20%C5%A0t%C3%BAra%2047%2C%20LEVICE&amp;z=14&amp;t=m\" data-map=\"JTdCJTIyYWRkcmVzcyUyMiUzQSUyMiVDNCVCRC4lMjAlQzUlQTB0JUMzJUJBcmElMjA0NyUyQyUyMExFVklDRSUyMiUyQyUyMnpvb20lMjIlM0ExNCUyQyUyMnR5cGVJZCUyMiUzQSUyMnJvYWQlMjIlMkMlMjJsYW5nJTIyJTNBJTIyJTIyJTdE\"><\/iframe>\n                        <\/div>\n                      <\/div>\n                    <\/div>\n                  <\/div>\n                <\/div>\n              <\/div>\n            <\/div>\n          <\/div>\n        <\/div>\n      <\/div>\n    <\/section>\n    \n    \n    \n    \n  \n<\/div>","protected":false},"excerpt":{"rendered":"<p>Ambulancia Od roku 2009 poskytujeme veterin\u00e1rnu starostlivos\u0165 pre mal\u00e9 zvierat\u00e1, t.j. ps\u00ed\u010dky, ma\u010di\u010dky, \u0161kre\u010dky, plazy, imobiliz\u00e1ciu , chov a veterin\u00e1rnu starostlivos\u0165 po\u013eovnej zveri.&nbsp;Chod prev\u00e1dzky zabezpe\u010duj\u00fa viacer\u00ed slu\u017ebukonaj\u00faci veterin\u00e1rni lek\u00e1ri, ktor\u00fdm usilovne pom\u00e1haj\u00fa veterin\u00e1rne zdravotn\u00e9 sestry.&nbsp;Garantom praxe je MVDr. Michal&nbsp; Babinsk\u00fd O n\u00e1s Na\u0161\u00edm cie\u013eom je pokytovanie kvalitnej veterin\u00e1rnej starostlivosti Va\u0161im mil\u00e1\u010dikom. Preferujeme individu\u00e1lny pr\u00edstup ku [&hellip;]<\/p>\n","protected":false},"author":1,"featured_media":0,"parent":0,"menu_order":1,"comment_status":"closed","ping_status":"closed","template":"","meta":{"footnotes":""},"class_list":["post-708","page","type-page","status-publish","hentry"],"_links":{"self":[{"href":"https:\/\/www.uni-vet.sk\/index.php\/wp-json\/wp\/v2\/pages\/708","targetHints":{"allow":["GET"]}}],"collection":[{"href":"https:\/\/www.uni-vet.sk\/index.php\/wp-json\/wp\/v2\/pages"}],"about":[{"href":"https:\/\/www.uni-vet.sk\/index.php\/wp-json\/wp\/v2\/types\/page"}],"author":[{"embeddable":true,"href":"https:\/\/www.uni-vet.sk\/index.php\/wp-json\/wp\/v2\/users\/1"}],"replies":[{"embeddable":true,"href":"https:\/\/www.uni-vet.sk\/index.php\/wp-json\/wp\/v2\/comments?post=708"}],"version-history":[{"count":1,"href":"https:\/\/www.uni-vet.sk\/index.php\/wp-json\/wp\/v2\/pages\/708\/revisions"}],"predecessor-version":[{"id":709,"href":"https:\/\/www.uni-vet.sk\/index.php\/wp-json\/wp\/v2\/pages\/708\/revisions\/709"}],"wp:attachment":[{"href":"https:\/\/www.uni-vet.sk\/index.php\/wp-json\/wp\/v2\/media?parent=708"}],"curies":[{"name":"wp","href":"https:\/\/api.w.org\/{rel}","templated":true}]}}